{"id":1165,"date":"2019-07-08T09:46:20","date_gmt":"2019-07-08T09:46:20","guid":{"rendered":"https:\/\/sagen.select-themes.com\/?page_id=1165"},"modified":"2025-09-18T23:17:27","modified_gmt":"2025-09-18T23:17:27","slug":"contacto","status":"publish","type":"page","link":"https:\/\/www.greencitycr.com\/en\/contacto\/","title":{"rendered":"Contact"},"content":{"rendered":"<div class=\"qodef-row-grid-section-wrapper\"  ><div class=\"qodef-row-grid-section\"><div class=\"vc_row wpb_row vc_row-fluid vc_row-o-content-middle vc_row-flex\" ><div class=\"wpb_column vc_column_container vc_col-sm-6\"><div class=\"vc_column-inner vc_custom_1665587125210\"><div class=\"wpb_wrapper\">\n\t<div class=\"wpb_text_column wpb_content_element\" >\n\t\t<div class=\"wpb_wrapper\">\n\t\t\t<h2 class=\" translation-block\"><strong><em>Schedule<br> an appointment<\/em><\/strong><br>and learn more about<br>our community.<\/h2>\n\n\t\t<\/div>\n\t<\/div>\n<div class=\"vc_empty_space\"   style=\"height: 50px\"><span class=\"vc_empty_space_inner\"><\/span><\/div>\n\t<div class=\"wpb_raw_code wpb_content_element wpb_raw_html\" >\n\t\t<div class=\"wpb_wrapper\">\n\t\t\t<div class=\"_form_3\"><\/div><script src=\"https:\/\/kmdgroupglobal.activehosted.com\/f\/embed.php?id=3\" charset=\"utf-8\"><\/script>\n\t\t<\/div>\n\t<\/div>\n<\/div><\/div><\/div><div class=\"wpb_column vc_column_container vc_col-sm-6\"><div class=\"vc_column-inner vc_custom_1665587104882\"><div class=\"wpb_wrapper\">\n\t<div  class=\"wpb_single_image wpb_content_element vc_align_center\">\n\t\t\n\t\t<figure class=\"wpb_wrapper vc_figure\">\n\t\t\t<div class=\"vc_single_image-wrapper   vc_box_border_grey\"><img loading=\"lazy\" decoding=\"async\" width=\"684\" height=\"1024\" src=\"https:\/\/www.greencitycr.com\/wp-content\/uploads\/2022\/11\/greencitycr-77-684x1024.jpg\" class=\"vc_single_image-img attachment-large\" alt=\"\" title=\"greencitycr-77\" srcset=\"https:\/\/www.greencitycr.com\/wp-content\/uploads\/2022\/11\/greencitycr-77-684x1024.jpg 684w, https:\/\/www.greencitycr.com\/wp-content\/uploads\/2022\/11\/greencitycr-77-200x300.jpg 200w, https:\/\/www.greencitycr.com\/wp-content\/uploads\/2022\/11\/greencitycr-77-768x1150.jpg 768w, https:\/\/www.greencitycr.com\/wp-content\/uploads\/2022\/11\/greencitycr-77-1026x1536.jpg 1026w, https:\/\/www.greencitycr.com\/wp-content\/uploads\/2022\/11\/greencitycr-77-8x12.jpg 8w, https:\/\/www.greencitycr.com\/wp-content\/uploads\/2022\/11\/greencitycr-77.jpg 1282w\" sizes=\"auto, (max-width: 684px) 100vw, 684px\" \/><\/div>\n\t\t<\/figure>\n\t<\/div>\n<\/div><\/div><\/div><\/div><\/div><\/div><div class=\"qodef-row-grid-section-wrapper\"  ><div class=\"qodef-row-grid-section\"><div class=\"vc_row wpb_row vc_row-fluid vc_custom_1665587389796\" ><div class=\"wpb_column vc_column_container vc_col-sm-4\"><div class=\"vc_column-inner\"><div class=\"wpb_wrapper\">\n\t<div class=\"wpb_text_column wpb_content_element  vc_custom_1665086976528\" >\n\t\t<div class=\"wpb_wrapper\">\n\t\t\t<h5>Contact<\/h5>\n\n\t\t<\/div>\n\t<\/div>\n\n\t<div class=\"wpb_text_column wpb_content_element  qodef-text-underline-link\" >\n\t\t<div class=\"wpb_wrapper\">\n\t\t\t<p><a href=\"tel: 50683487395\">+506 8348-7395<\/a><\/p>\n\n\t\t<\/div>\n\t<\/div>\n\n\t<div class=\"wpb_text_column wpb_content_element  vc_custom_1665087082976 qodef-text-underline-link\" >\n\t\t<div class=\"wpb_wrapper\">\n\t\t\t<p><a href=\"mailto:info@greencitycr.com\">info@greencitycr.com<\/a><\/p>\n\n\t\t<\/div>\n\t<\/div>\n<\/div><\/div><\/div><div class=\"wpb_column vc_column_container vc_col-sm-4\"><div class=\"vc_column-inner\"><div class=\"wpb_wrapper\">\n\t<div class=\"wpb_text_column wpb_content_element  vc_custom_1665086967246\" >\n\t\t<div class=\"wpb_wrapper\">\n\t\t\t<h5>Address<\/h5>\n\n\t\t<\/div>\n\t<\/div>\n\n\t<div class=\"wpb_text_column wpb_content_element  qodef-text-underline-link\" >\n\t\t<div class=\"wpb_wrapper\">\n\t\t\t<p><a href=\"https:\/\/goo.gl\/maps\/NanGYpZo5ttqfC8a9\">San Rafael de Alajuela.<\/a><br \/>\nCosta Rica<\/p>\n\n\t\t<\/div>\n\t<\/div>\n<\/div><\/div><\/div><div class=\"wpb_column vc_column_container vc_col-sm-4\"><div class=\"vc_column-inner\"><div class=\"wpb_wrapper\">\n\t<div class=\"wpb_text_column wpb_content_element  vc_custom_1665091741393\" >\n\t\t<div class=\"wpb_wrapper\">\n\t\t\t<h6>Follow Us<\/h6>\n\n\t\t<\/div>\n\t<\/div>\n<div  class=\"wpb_widgetised_column wpb_content_element\">\n\t\t<div class=\"wpb_wrapper\">\n\t\t\t\n\t\t\t<div class=\"widget qodef-social-texts-group-widget\">\t\t\t\t\t<a class=\"qodef-social-text-widget-holder\" href=\"https:\/\/www.facebook.com\/pages\/category\/Real-Estate\/Green-City-Lots-Homes-Costa-Rica-461032224722703\/\" target=\"_blank\">\n\t\t\t\t\t\tfb\t\t\t\t\t<\/a>\n\t\t\t\t\t\t\t\t\t<a class=\"qodef-social-text-widget-holder\" href=\"https:\/\/www.instagram.com\/greencity_cr\/\" target=\"_blank\">\n\t\t\t\t\t\tin\t\t\t\t\t<\/a>\n\t\t\t\t<\/div>\n\t\t<\/div>\n\t<\/div>\n<\/div><\/div><\/div><\/div><\/div><\/div><div class=\"vc_row wpb_row vc_row-fluid\" ><div class=\"wpb_column vc_column_container vc_col-sm-12\"><div class=\"vc_column-inner\"><div class=\"wpb_wrapper\"><div class=\"wpb_gmaps_widget wpb_content_element\"><div class=\"wpb_wrapper\"><div class=\"wpb_map_wraper\"><iframe src=\"https:\/\/www.google.com\/maps\/embed?pb=!1m14!1m8!1m3!1d15719.239539739221!2d-84.2387633!3d9.9497704!3m2!1i1024!2i768!4f13.1!3m3!1m2!1s0x0%3A0x26a2ec30aeea68b7!2sGreen%20City%20Condominio!5e0!3m2!1sen!2scr!4v1665586122504!5m2!1sen!2scr\" width=\"600\" height=\"450\" style=\"border:0;\" allowfullscreen=\"\" loading=\"lazy\" referrerpolicy=\"no-referrer-when-downgrade\"><\/iframe><\/div><\/div><\/div><\/div><\/div><\/div><\/div>","protected":false},"excerpt":{"rendered":"Agend\u00e1 una cita y conoc\u00e9 m\u00e1s sobre nuestra comunidad. Contacto +506 8348-7395 info@greencitycr.com Direcci\u00f3n [...]","protected":false},"author":4,"featured_media":0,"parent":0,"menu_order":0,"comment_status":"closed","ping_status":"closed","template":"full-width.php","meta":{"inline_featured_image":false,"_joinchat":[],"footnotes":""},"class_list":["post-1165","page","type-page","status-publish","hentry"],"yoast_head":"<!-- This site is optimized with the Yoast SEO plugin v21.0 - https:\/\/yoast.com\/wordpress\/plugins\/seo\/ -->\n<title>Contacto - Green City - Lots &amp; Homes<\/title>\n<meta name=\"robots\" content=\"index, follow, max-snippet:-1, max-image-preview:large, max-video-preview:-1\" \/>\n<link rel=\"canonical\" href=\"https:\/\/www.greencitycr.com\/en\/contacto\/\" \/>\n<meta property=\"og:locale\" content=\"en_US\" \/>\n<meta property=\"og:type\" content=\"article\" \/>\n<meta property=\"og:title\" content=\"Contacto - Green City - Lots &amp; Homes\" \/>\n<meta property=\"og:url\" content=\"https:\/\/www.greencitycr.com\/en\/contacto\/\" \/>\n<meta property=\"og:site_name\" content=\"Green City - Lots &amp; Homes\" \/>\n<meta property=\"article:publisher\" content=\"https:\/\/www.facebook.com\/profile.php?id=100063700484582\" \/>\n<meta property=\"article:modified_time\" content=\"2025-09-18T23:17:27+00:00\" \/>\n<meta property=\"og:image\" content=\"https:\/\/www.greencitycr.com\/wp-content\/uploads\/2023\/02\/DSC_8952-1.jpg\" \/>\n\t<meta property=\"og:image:width\" content=\"2000\" \/>\n\t<meta property=\"og:image:height\" content=\"1335\" \/>\n\t<meta property=\"og:image:type\" content=\"image\/jpeg\" \/>\n<meta name=\"twitter:card\" content=\"summary_large_image\" \/>\n<meta name=\"twitter:label1\" content=\"Est. reading time\" \/>\n\t<meta name=\"twitter:data1\" content=\"1 minute\" \/>\n<script type=\"application\/ld+json\" class=\"yoast-schema-graph\">{\"@context\":\"https:\/\/schema.org\",\"@graph\":[{\"@type\":\"WebPage\",\"@id\":\"https:\/\/www.greencitycr.com\/contacto\/\",\"url\":\"https:\/\/www.greencitycr.com\/contacto\/\",\"name\":\"Contacto - Green City - Lots &amp; Homes\",\"isPartOf\":{\"@id\":\"http:\/\/www.greencitycr.com\/en\/#website\"},\"datePublished\":\"2019-07-08T09:46:20+00:00\",\"dateModified\":\"2025-09-18T23:17:27+00:00\",\"breadcrumb\":{\"@id\":\"https:\/\/www.greencitycr.com\/contacto\/#breadcrumb\"},\"inLanguage\":\"en-US\",\"potentialAction\":[{\"@type\":\"ReadAction\",\"target\":[\"https:\/\/www.greencitycr.com\/contacto\/\"]}]},{\"@type\":\"BreadcrumbList\",\"@id\":\"https:\/\/www.greencitycr.com\/contacto\/#breadcrumb\",\"itemListElement\":[{\"@type\":\"ListItem\",\"position\":1,\"name\":\"Home\",\"item\":\"https:\/\/www.greencitycr.com\/\"},{\"@type\":\"ListItem\",\"position\":2,\"name\":\"Contacto\"}]},{\"@type\":\"WebSite\",\"@id\":\"http:\/\/www.greencitycr.com\/en\/#website\",\"url\":\"http:\/\/www.greencitycr.com\/en\/\",\"name\":\"Green City Lots Costa Rica\",\"description\":\"Green City\",\"publisher\":{\"@id\":\"http:\/\/www.greencitycr.com\/en\/#organization\"},\"potentialAction\":[{\"@type\":\"SearchAction\",\"target\":{\"@type\":\"EntryPoint\",\"urlTemplate\":\"http:\/\/www.greencitycr.com\/en\/?s={search_term_string}\"},\"query-input\":\"required name=search_term_string\"}],\"inLanguage\":\"en-US\"},{\"@type\":\"Organization\",\"@id\":\"http:\/\/www.greencitycr.com\/en\/#organization\",\"name\":\"Green City Lots Costa Rica\",\"url\":\"http:\/\/www.greencitycr.com\/en\/\",\"logo\":{\"@type\":\"ImageObject\",\"inLanguage\":\"en-US\",\"@id\":\"http:\/\/www.greencitycr.com\/en\/#\/schema\/logo\/image\/\",\"url\":\"https:\/\/www.greencitycr.com\/wp-content\/uploads\/2023\/09\/Logotipo_Green-City.png\",\"contentUrl\":\"https:\/\/www.greencitycr.com\/wp-content\/uploads\/2023\/09\/Logotipo_Green-City.png\",\"width\":1000,\"height\":1000,\"caption\":\"Green City Lots Costa Rica\"},\"image\":{\"@id\":\"http:\/\/www.greencitycr.com\/en\/#\/schema\/logo\/image\/\"},\"sameAs\":[\"https:\/\/www.facebook.com\/profile.php?id=100063700484582\",\"https:\/\/www.instagram.com\/greencity_cr\/\"]}]}<\/script>\n<!-- \/ Yoast SEO plugin. -->","yoast_head_json":{"title":"Contacto - Green City - Lots &amp; Homes","robots":{"index":"index","follow":"follow","max-snippet":"max-snippet:-1","max-image-preview":"max-image-preview:large","max-video-preview":"max-video-preview:-1"},"canonical":"https:\/\/www.greencitycr.com\/en\/contacto\/","og_locale":"en_US","og_type":"article","og_title":"Contacto - Green City - Lots &amp; Homes","og_url":"https:\/\/www.greencitycr.com\/en\/contacto\/","og_site_name":"Green City - Lots &amp; Homes","article_publisher":"https:\/\/www.facebook.com\/profile.php?id=100063700484582","article_modified_time":"2025-09-18T23:17:27+00:00","og_image":[{"width":2000,"height":1335,"url":"https:\/\/www.greencitycr.com\/wp-content\/uploads\/2023\/02\/DSC_8952-1.jpg","type":"image\/jpeg"}],"twitter_card":"summary_large_image","twitter_misc":{"Est. reading time":"1 minute"},"schema":{"@context":"https:\/\/schema.org","@graph":[{"@type":"WebPage","@id":"https:\/\/www.greencitycr.com\/contacto\/","url":"https:\/\/www.greencitycr.com\/contacto\/","name":"Contacto - Green City - Lots &amp; Homes","isPartOf":{"@id":"http:\/\/www.greencitycr.com\/en\/#website"},"datePublished":"2019-07-08T09:46:20+00:00","dateModified":"2025-09-18T23:17:27+00:00","breadcrumb":{"@id":"https:\/\/www.greencitycr.com\/contacto\/#breadcrumb"},"inLanguage":"en-US","potentialAction":[{"@type":"ReadAction","target":["https:\/\/www.greencitycr.com\/contacto\/"]}]},{"@type":"BreadcrumbList","@id":"https:\/\/www.greencitycr.com\/contacto\/#breadcrumb","itemListElement":[{"@type":"ListItem","position":1,"name":"Home","item":"https:\/\/www.greencitycr.com\/"},{"@type":"ListItem","position":2,"name":"Contacto"}]},{"@type":"WebSite","@id":"http:\/\/www.greencitycr.com\/en\/#website","url":"http:\/\/www.greencitycr.com\/en\/","name":"Green City Lots Costa Rica","description":"Green City","publisher":{"@id":"http:\/\/www.greencitycr.com\/en\/#organization"},"potentialAction":[{"@type":"SearchAction","target":{"@type":"EntryPoint","urlTemplate":"http:\/\/www.greencitycr.com\/en\/?s={search_term_string}"},"query-input":"required name=search_term_string"}],"inLanguage":"en-US"},{"@type":"Organization","@id":"http:\/\/www.greencitycr.com\/en\/#organization","name":"Green City Lots Costa Rica","url":"http:\/\/www.greencitycr.com\/en\/","logo":{"@type":"ImageObject","inLanguage":"en-US","@id":"http:\/\/www.greencitycr.com\/en\/#\/schema\/logo\/image\/","url":"https:\/\/www.greencitycr.com\/wp-content\/uploads\/2023\/09\/Logotipo_Green-City.png","contentUrl":"https:\/\/www.greencitycr.com\/wp-content\/uploads\/2023\/09\/Logotipo_Green-City.png","width":1000,"height":1000,"caption":"Green City Lots Costa Rica"},"image":{"@id":"http:\/\/www.greencitycr.com\/en\/#\/schema\/logo\/image\/"},"sameAs":["https:\/\/www.facebook.com\/profile.php?id=100063700484582","https:\/\/www.instagram.com\/greencity_cr\/"]}]}},"_links":{"self":[{"href":"https:\/\/www.greencitycr.com\/en\/wp-json\/wp\/v2\/pages\/1165","targetHints":{"allow":["GET"]}}],"collection":[{"href":"https:\/\/www.greencitycr.com\/en\/wp-json\/wp\/v2\/pages"}],"about":[{"href":"https:\/\/www.greencitycr.com\/en\/wp-json\/wp\/v2\/types\/page"}],"author":[{"embeddable":true,"href":"https:\/\/www.greencitycr.com\/en\/wp-json\/wp\/v2\/users\/4"}],"replies":[{"embeddable":true,"href":"https:\/\/www.greencitycr.com\/en\/wp-json\/wp\/v2\/comments?post=1165"}],"version-history":[{"count":5,"href":"https:\/\/www.greencitycr.com\/en\/wp-json\/wp\/v2\/pages\/1165\/revisions"}],"predecessor-version":[{"id":18739,"href":"https:\/\/www.greencitycr.com\/en\/wp-json\/wp\/v2\/pages\/1165\/revisions\/18739"}],"wp:attachment":[{"href":"https:\/\/www.greencitycr.com\/en\/wp-json\/wp\/v2\/media?parent=1165"}],"curies":[{"name":"wp","href":"https:\/\/api.w.org\/{rel}","templated":true}]}}